{"id":2,"date":"2020-11-26T09:39:01","date_gmt":"2020-11-26T09:39:01","guid":{"rendered":"https:\/\/haalogaland.com\/staging\/?page_id=2"},"modified":"2021-03-09T14:45:16","modified_gmt":"2021-03-09T14:45:16","slug":"hjem","status":"publish","type":"page","link":"https:\/\/haalogaland.com\/staging\/","title":{"rendered":"Hjem"},"content":{"rendered":"<div id='full_slider_1'  class='avia-fullwidth-slider main_color avia-shadow   avia-builder-el-0  el_before_av_section  avia-builder-el-first  hero__slider  container_wrap fullsize' style=' '  ><div   data-size='featured'  data-lightbox_size='large'  data-animation='slide'  data-conditional_play=''  data-ids='314,236,229'  data-video_counter='0'  data-autoplay='true'  data-bg_slider='false'  data-slide_height=''  data-handle='av_slideshow_full'  data-interval='5'  data-class=' '  data-el_id=''  data-css_id=''  data-scroll_down=''  data-control_layout='av-control-default'  data-custom_markup=''  data-perma_caption='aviaTBperma_caption'  data-autoplay_stopper=''  data-image_attachment=''  data-min_height='0px'  data-lazy_loading='enabled'  data-src=''  data-position='top left'  data-repeat='no-repeat'  data-attach='scroll'  data-stretch=''  data-default-height='28.666666666667'  class='avia-slideshow avia-slideshow-1  av-control-default av-default-height-applied avia-slideshow-featured av_slideshow_full   avia-slide-slider '  itemprop=\"image\" itemscope=\"itemscope\" itemtype=\"https:\/\/schema.org\/ImageObject\" ><ul class='avia-slideshow-inner ' style='padding-bottom: 28.666666666667%;' ><li  class=' slide-1 ' ><div data-rel='slideshow-1' class='avia-slide-wrap '   ><img loading=\"lazy\" class=\"wp-image-314 avia-img-lazy-loading-314\"  src=\"https:\/\/haalogaland.com\/staging\/wp-content\/uploads\/2021\/03\/haalogaland_industrier-ansatte3-1500x430.jpg\" width=\"1500\" height=\"430\" title='haalogaland_industrier-ansatte3' alt=''  itemprop=\"thumbnailUrl\"   \/><div class='av-section-color-overlay' style='opacity: 0.2; background-color: #0a0a0a; '><\/div><\/div><\/li><li  class=' slide-2 ' ><div data-rel='slideshow-1' class='avia-slide-wrap '   ><img loading=\"lazy\" class=\"wp-image-236 avia-img-lazy-loading-236\"  src=\"https:\/\/haalogaland.com\/staging\/wp-content\/uploads\/2021\/01\/haalogaland_industrier-frontpage_slider_2-1-1500x430.jpg\" width=\"1500\" height=\"430\" title='haalogaland_industrier-frontpage_slider_2-1' alt=''  itemprop=\"thumbnailUrl\"   \/><\/div><\/li><li  class=' slide-3 ' ><div data-rel='slideshow-1' class='avia-slide-wrap '   ><img loading=\"lazy\" class=\"wp-image-229 avia-img-lazy-loading-229\"  src=\"https:\/\/haalogaland.com\/staging\/wp-content\/uploads\/2021\/01\/haalogaland_industrier-frontpage_slider_2-2-1500x430.jpg\" width=\"1500\" height=\"430\" title='haalogaland_industrier-frontpage_slider_2-2' alt=''  itemprop=\"thumbnailUrl\"   \/><\/div><\/li><\/ul><div class='avia-slideshow-arrows avia-slideshow-controls'><a href='#prev' class='prev-slide' aria-hidden='true' data-av_icon='\ue87c' data-av_iconfont='entypo-fontello'>Previous<\/a><a href='#next' class='next-slide' aria-hidden='true' data-av_icon='\ue87d' data-av_iconfont='entypo-fontello'>Next<\/a><\/div><div class='avia-slideshow-dots avia-slideshow-controls'><a href='#1' class='goto-slide active' >1<\/a><a href='#2' class='goto-slide ' >2<\/a><a href='#3' class='goto-slide ' >3<\/a><\/div><div class = \"caption_fullwidth av-slideshow-caption caption_bottom\"><div class = \"container caption_container\"><div class = \"slideshow_caption\"><div class = \"slideshow_inner_caption\"><div class = \"slideshow_align_caption\"><div  class='avia-caption-title hero__caption '  itemprop=\"name\" >St\u00e5l <span class=\"sep\">|<\/span> Aluminium <span class=\"sep\">|<\/span> Rustfritt <span class=\"sep\">|<\/span> Slitest\u00e5l <span class=\"sep\">|<\/span> Corten <span class=\"sep\">|<\/span> Veist\u00e5l <span class=\"sep\">|<\/span> Tynnplater <span class=\"sep\">|<\/span> Mekaniske arbeid <span class=\"sep\">|<\/span> Maskinering <span class=\"sep\">|<\/span> R\u00f8r og hydraulikk<\/div><\/div><\/div><\/div><\/div><\/div><\/div><\/div>\n<div id='av_section_1'  class='avia-section main_color avia-section-large avia-no-border-styling  avia-bg-style-scroll  avia-builder-el-1  el_after_av_slideshow_full  avia-builder-el-last   container_wrap fullsize' style=' '  ><div class='container' ><div class='template-page content  av-content-full alpha units'><div class='post-entry post-entry-type-page post-entry-2'><div class='entry-content-wrapper clearfix'>\n<div  style='padding-bottom:0px; ' class='av-special-heading av-special-heading-h2  blockquote modern-quote modern-centered  avia-builder-el-2  el_before_av_hr  avia-builder-el-first  page-title--home '><h2 class='av-special-heading-tag '  itemprop=\"headline\"  >Sammen finner vi l\u00f8sningen<span class=\"color--primary\">.<\/span><\/h2><div class='special-heading-border'><div class='special-heading-inner-border' ><\/div><\/div><\/div>\n<div   class='hr hr-default   avia-builder-el-3  el_after_av_heading  el_before_av_one_third  hr--primary'><span class='hr-inner ' ><span class='hr-inner-style'><\/span><\/span><\/div>\n<div class='flex_column_table av-equal-height-column-flextable -flextable' style='margin-top:0px; margin-bottom:0px; '><div class=\"flex_column av_one_third  flex_column_table_cell av-equal-height-column av-align-middle av-zero-column-padding first  avia-builder-el-4  el_after_av_hr  el_before_av_one_third  col--highlight \" style='border-radius:0px; '><section class=\"av_textblock_section \"  itemscope=\"itemscope\" itemtype=\"https:\/\/schema.org\/CreativeWork\" ><div class='avia_textblock txt--center '   itemprop=\"text\" ><p data-pm-slice=\"1 1 &#091;&#093;\">Vi leverer veist\u00e5l til veivedlikehold og br\u00f8yting.<\/p>\n<\/div><\/section><br \/>\n<div  class='avia-buttonrow-wrap avia-buttonrow-center   avia-builder-el-6  el_after_av_textblock  avia-builder-el-last '>\n<a href='https:\/\/haalogaland.com\/staging\/veistal\/'  class='avia-button  avia-color-theme-color  avia-icon_select-yes-left-icon avia-size-small '  style='margin-bottom:5px; margin-left:3px; margin-right:3px; ' ><span class='avia_button_icon avia_button_icon_left ' aria-hidden='true' data-av_icon='\ue832' data-av_iconfont='entypo-fontello'><\/span><span class='avia_iconbox_title' >Se produkter<\/span><\/a>\n<\/div><\/p><\/div><div class='av-flex-placeholder'><\/div><div class=\"flex_column av_one_third  flex_column_table_cell av-equal-height-column av-align-middle av-zero-column-padding   avia-builder-el-7  el_after_av_one_third  el_before_av_one_third  col--highlight \" style='border-radius:0px; '><p><section class=\"av_textblock_section \"  itemscope=\"itemscope\" itemtype=\"https:\/\/schema.org\/CreativeWork\" ><div class='avia_textblock txt--center '   itemprop=\"text\" ><p>Vi produserer egne produkter for arbeidsredskaper som sveisegrinder (hurtigfester), mellomtenner for tannskuffer, steinriver for riving\/pl\u00f8ying av mark, sj\u00f8bunn\/fj\u00e6re etc.<\/p>\n<\/div><\/section><br \/>\n<div  class='avia-buttonrow-wrap avia-buttonrow-center   avia-builder-el-9  el_after_av_textblock  avia-builder-el-last '>\n<a href='https:\/\/haalogaland.com\/staging\/arbeidsredskaper-og-tilbehor\/'  class='avia-button  avia-color-theme-color  avia-icon_select-yes-left-icon avia-size-small '  style='margin-bottom:5px; margin-left:3px; margin-right:3px; ' ><span class='avia_button_icon avia_button_icon_left ' aria-hidden='true' data-av_icon='\ue832' data-av_iconfont='entypo-fontello'><\/span><span class='avia_iconbox_title' >Se produkter<\/span><\/a>\n<\/div><\/p><\/div><div class='av-flex-placeholder'><\/div><div class=\"flex_column av_one_third  flex_column_table_cell av-equal-height-column av-align-middle av-zero-column-padding   avia-builder-el-10  el_after_av_one_third  avia-builder-el-last  col--highlight \" style='border-radius:0px; '><p><section class=\"av_textblock_section \"  itemscope=\"itemscope\" itemtype=\"https:\/\/schema.org\/CreativeWork\" ><div class='avia_textblock txt--center '   itemprop=\"text\" ><p>Vi leverer skj\u00e6rst\u00e5l, sliteribber og slitest\u00e5l for skuffer, skuffefronter og skuffebunner.<\/p>\n<\/div><\/section><br \/>\n<div  class='avia-buttonrow-wrap avia-buttonrow-center   avia-builder-el-12  el_after_av_textblock  avia-builder-el-last '>\n<a href='https:\/\/haalogaland.com\/staging\/skjaerestal-og-sliteribber\/'  class='avia-button  avia-color-theme-color  avia-icon_select-yes-left-icon avia-size-small '  style='margin-bottom:5px; margin-left:3px; margin-right:3px; ' ><span class='avia_button_icon avia_button_icon_left ' aria-hidden='true' data-av_icon='\ue832' data-av_iconfont='entypo-fontello'><\/span><span class='avia_iconbox_title' >Se produkter<\/span><\/a>\n<\/div><\/p><\/div><\/div><!--close column table wrapper. Autoclose: 1 -->\n\n","protected":false},"excerpt":{"rendered":"","protected":false},"author":1,"featured_media":0,"parent":0,"menu_order":0,"comment_status":"closed","ping_status":"open","template":"","meta":{"inline_featured_image":false},"_links":{"self":[{"href":"https:\/\/haalogaland.com\/staging\/wp-json\/wp\/v2\/pages\/2"}],"collection":[{"href":"https:\/\/haalogaland.com\/staging\/wp-json\/wp\/v2\/pages"}],"about":[{"href":"https:\/\/haalogaland.com\/staging\/wp-json\/wp\/v2\/types\/page"}],"author":[{"embeddable":true,"href":"https:\/\/haalogaland.com\/staging\/wp-json\/wp\/v2\/users\/1"}],"replies":[{"embeddable":true,"href":"https:\/\/haalogaland.com\/staging\/wp-json\/wp\/v2\/comments?post=2"}],"version-history":[{"count":46,"href":"https:\/\/haalogaland.com\/staging\/wp-json\/wp\/v2\/pages\/2\/revisions"}],"predecessor-version":[{"id":315,"href":"https:\/\/haalogaland.com\/staging\/wp-json\/wp\/v2\/pages\/2\/revisions\/315"}],"wp:attachment":[{"href":"https:\/\/haalogaland.com\/staging\/wp-json\/wp\/v2\/media?parent=2"}],"curies":[{"name":"wp","href":"https:\/\/api.w.org\/{rel}","templated":true}]}}