{"id":332,"date":"2021-03-18T08:37:20","date_gmt":"2021-03-18T08:37:20","guid":{"rendered":"https:\/\/haalogaland.com\/staging\/?page_id=332"},"modified":"2021-03-18T08:43:35","modified_gmt":"2021-03-18T08:43:35","slug":"salg","status":"publish","type":"page","link":"https:\/\/haalogaland.com\/staging\/salg\/","title":{"rendered":"Salg"},"content":{"rendered":"<div id='av_section_1'  class='avia-section main_color avia-section-no-padding avia-no-border-styling  avia-bg-style-scroll  avia-builder-el-0  el_before_av_section  avia-builder-el-first  hero__container hero__container--page fullwidthsection  container_wrap fullsize' style=' '  ><div class='container' ><main  role=\"main\" itemprop=\"mainContentOfPage\"  class='template-page content  av-content-full alpha units'><div class='post-entry post-entry-type-page post-entry-332'><div class='entry-content-wrapper clearfix'>\n<div  class='avia-image-container  av-styling-no-styling    avia-builder-el-1  avia-builder-el-no-sibling  fullwidthsection__img fullwidthsection__img--desktop avia-align-center '  itemprop=\"image\" itemscope=\"itemscope\" itemtype=\"https:\/\/schema.org\/ImageObject\"  ><div class='avia-image-container-inner'><div class='avia-image-overlay-wrap'><img class='wp-image-333 avia-img-lazy-loading-not-333 avia_image' src=\"https:\/\/haalogaland.com\/staging\/wp-content\/uploads\/2021\/03\/haalogaland_industrier-produkter-updated.jpg\" alt='' title='haalogaland_industrier-produkter-updated' height=\"600\" width=\"1900\"  itemprop=\"thumbnailUrl\" srcset=\"https:\/\/haalogaland.com\/staging\/wp-content\/uploads\/2021\/03\/haalogaland_industrier-produkter-updated.jpg 1900w, https:\/\/haalogaland.com\/staging\/wp-content\/uploads\/2021\/03\/haalogaland_industrier-produkter-updated-300x95.jpg 300w, https:\/\/haalogaland.com\/staging\/wp-content\/uploads\/2021\/03\/haalogaland_industrier-produkter-updated-1030x325.jpg 1030w, https:\/\/haalogaland.com\/staging\/wp-content\/uploads\/2021\/03\/haalogaland_industrier-produkter-updated-768x243.jpg 768w, https:\/\/haalogaland.com\/staging\/wp-content\/uploads\/2021\/03\/haalogaland_industrier-produkter-updated-1536x485.jpg 1536w, https:\/\/haalogaland.com\/staging\/wp-content\/uploads\/2021\/03\/haalogaland_industrier-produkter-updated-1500x474.jpg 1500w, https:\/\/haalogaland.com\/staging\/wp-content\/uploads\/2021\/03\/haalogaland_industrier-produkter-updated-705x223.jpg 705w\" sizes=\"(max-width: 1900px) 100vw, 1900px\" \/><\/div><\/div><\/div>\n\n<\/div><\/div><\/main><!-- close content main element --><\/div><\/div><div id='av_section_2'  class='avia-section main_color avia-section-large avia-no-border-styling  avia-bg-style-scroll  avia-builder-el-2  el_after_av_section  el_before_av_section   container_wrap fullsize' style=' '  ><div class='container' ><div class='template-page content  av-content-full alpha units'><div class='post-entry post-entry-type-page post-entry-332'><div class='entry-content-wrapper clearfix'>\n<section class=\"av_textblock_section \"  itemscope=\"itemscope\" itemtype=\"https:\/\/schema.org\/CreativeWork\" ><div class='avia_textblock txt--center '   itemprop=\"text\" ><h2>Salg<span class=\"color--primary\">.<\/span><\/h2>\n<\/div><\/section>\n<div   class='hr hr-default   avia-builder-el-4  el_after_av_textblock  el_before_av_one_full '><span class='hr-inner ' ><span class='hr-inner-style'><\/span><\/span><\/div>\n<div class=\"flex_column av_one_full  flex_column_div av-zero-column-padding first  avia-builder-el-5  el_after_av_hr  avia-builder-el-last  \" style='border-radius:0px; '><section class=\"av_textblock_section \"  itemscope=\"itemscope\" itemtype=\"https:\/\/schema.org\/CreativeWork\" ><div class='avia_textblock txt--center '   itemprop=\"text\" ><p>Hos oss kan du ogs\u00e5 leie utstyr eller kj\u00f8pe diverse produkter. Listen oppdateres jevnlig med det vi har p\u00e5 lager hos oss.<\/p>\n<\/div><\/section><\/div>\n\n<\/div><\/div><\/div><!-- close content main div --><\/div><\/div><div id='av_section_3'  class='avia-section main_color avia-section-no-padding avia-no-border-styling  avia-bg-style-scroll  avia-builder-el-7  el_after_av_section  el_before_av_section  row--grid row--masonry row--produkter  container_wrap fullsize' style=' '  ><div class='container' ><div class='template-page content  av-content-full alpha units'><div class='post-entry post-entry-type-page post-entry-332'><div class='entry-content-wrapper clearfix'>\n<div class=\"flex_column av_one_half  flex_column_div av-zero-column-padding first  avia-builder-el-8  el_before_av_one_half  avia-builder-el-first  row--masonry__column \" style='border-radius:0px; '><p><div  class='avia-image-container  av-styling-    avia-builder-el-9  el_before_av_hr  avia-builder-el-first  avia-align-center '  itemprop=\"image\" itemscope=\"itemscope\" itemtype=\"https:\/\/schema.org\/ImageObject\"  ><div class='avia-image-container-inner'><div class='avia-image-overlay-wrap'><a href='https:\/\/haalogaland.com\/staging\/wp-content\/uploads\/2021\/03\/salg-tannholdere_tenner_hjoernesko.jpg' class='avia_image'  ><img width=\"845\" height=\"673\" class='wp-image-326 avia-img-lazy-loading-not-326 avia_image' src=\"https:\/\/haalogaland.com\/staging\/wp-content\/uploads\/2021\/03\/salg-tannholdere_tenner_hjoernesko-845x673.jpg\" alt='' title='salg-tannholdere_tenner_hjoernesko'  itemprop=\"thumbnailUrl\"  \/><\/a><\/div><\/div><\/div><br \/>\n<div   class='hr hr-default   avia-builder-el-10  el_after_av_image  el_before_av_textblock  hr--left'><span class='hr-inner ' ><span class='hr-inner-style'><\/span><\/span><\/div><br \/>\n<section class=\"av_textblock_section \"  itemscope=\"itemscope\" itemtype=\"https:\/\/schema.org\/CreativeWork\" ><div class='avia_textblock  '   itemprop=\"text\" ><h4>Tannholdere 700mm<\/h4>\n<p>Aliquam sed dolor viverra, porta libero nec, feugiat nibh.<\/p>\n<p>Kr. Xxx pr. stk<\/p>\n<\/div><\/section><br \/>\n<div  style='height:30px' class='hr hr-invisible   avia-builder-el-12  el_after_av_textblock  el_before_av_button '><span class='hr-inner ' ><span class='hr-inner-style'><\/span><\/span><\/div><br \/>\n<div  class='avia-button-wrap avia-button-left  avia-builder-el-13  el_after_av_hr  avia-builder-el-last ' ><a href='https:\/\/haalogaland.com\/staging\/kontakt\/'  class='avia-button  avia-color-theme-color   avia-icon_select-yes-left-icon avia-size-medium avia-position-left '   ><span class='avia_button_icon avia_button_icon_left ' aria-hidden='true' data-av_icon='\ue832' data-av_iconfont='entypo-fontello'><\/span><span class='avia_iconbox_title' >Ta kontakt for pristilbud<\/span><\/a><\/div><\/p><\/div><div class=\"flex_column av_one_half  flex_column_div av-zero-column-padding   avia-builder-el-14  el_after_av_one_half  el_before_av_one_half  row--masonry__column \" style='border-radius:0px; '><p><div  class='avia-image-container  av-styling-    avia-builder-el-15  el_before_av_hr  avia-builder-el-first  avia-align-center '  itemprop=\"image\" itemscope=\"itemscope\" itemtype=\"https:\/\/schema.org\/ImageObject\"  ><div class='avia-image-container-inner'><div class='avia-image-overlay-wrap'><a href='https:\/\/haalogaland.com\/staging\/wp-content\/uploads\/2021\/03\/salg-boerster_for_feiemaskin-rotated.jpg' class='avia_image'  ><img width=\"756\" height=\"684\" class='wp-image-325 avia-img-lazy-loading-not-325 avia_image' src=\"https:\/\/haalogaland.com\/staging\/wp-content\/uploads\/2021\/03\/salg-boerster_for_feiemaskin-756x684.jpg\" alt='' title='B\u00f8rster for feiemaskin'  itemprop=\"thumbnailUrl\"  \/><\/a><\/div><\/div><\/div><br \/>\n<div   class='hr hr-default   avia-builder-el-16  el_after_av_image  el_before_av_textblock  hr--left'><span class='hr-inner ' ><span class='hr-inner-style'><\/span><\/span><\/div><br \/>\n<section class=\"av_textblock_section \"  itemscope=\"itemscope\" itemtype=\"https:\/\/schema.org\/CreativeWork\" ><div class='avia_textblock  '   itemprop=\"text\" ><h4>B\u00f8rster for feiemaskin<\/h4>\n<p data-pm-slice=\"1 1 &#091;&#093;\">7 &laquo;x700mm, 7 &laquo;x900mm<\/p>\n<p>Kr. Xxx pr. stk<\/p>\n<\/div><\/section><br \/>\n<div  style='height:30px' class='hr hr-invisible   avia-builder-el-18  el_after_av_textblock  el_before_av_button '><span class='hr-inner ' ><span class='hr-inner-style'><\/span><\/span><\/div><br \/>\n<div  class='avia-button-wrap avia-button-left  avia-builder-el-19  el_after_av_hr  avia-builder-el-last ' ><a href='https:\/\/haalogaland.com\/staging\/kontakt\/'  class='avia-button  avia-color-theme-color   avia-icon_select-yes-left-icon avia-size-medium avia-position-left '   ><span class='avia_button_icon avia_button_icon_left ' aria-hidden='true' data-av_icon='\ue832' data-av_iconfont='entypo-fontello'><\/span><span class='avia_iconbox_title' >Ta kontakt for pristilbud<\/span><\/a><\/div><\/p><\/div><div class=\"flex_column av_one_half  flex_column_div av-zero-column-padding first  avia-builder-el-20  el_after_av_one_half  el_before_av_one_half  row--masonry__column column-top-margin\" style='border-radius:0px; '><p><div  class='avia-image-container  av-styling-    avia-builder-el-21  el_before_av_hr  avia-builder-el-first  avia-align-center '  itemprop=\"image\" itemscope=\"itemscope\" itemtype=\"https:\/\/schema.org\/ImageObject\"  ><div class='avia-image-container-inner'><div class='avia-image-overlay-wrap'><a href='https:\/\/haalogaland.com\/staging\/wp-content\/uploads\/2021\/03\/hi-midlertidig_bilde.jpg' class='avia_image'  ><img width=\"845\" height=\"673\" class='wp-image-334 avia-img-lazy-loading-not-334 avia_image' src=\"https:\/\/haalogaland.com\/staging\/wp-content\/uploads\/2021\/03\/hi-midlertidig_bilde.jpg\" alt='' title='Midlertidig bilde'  itemprop=\"thumbnailUrl\" srcset=\"https:\/\/haalogaland.com\/staging\/wp-content\/uploads\/2021\/03\/hi-midlertidig_bilde.jpg 845w, https:\/\/haalogaland.com\/staging\/wp-content\/uploads\/2021\/03\/hi-midlertidig_bilde-300x239.jpg 300w, https:\/\/haalogaland.com\/staging\/wp-content\/uploads\/2021\/03\/hi-midlertidig_bilde-768x612.jpg 768w, https:\/\/haalogaland.com\/staging\/wp-content\/uploads\/2021\/03\/hi-midlertidig_bilde-705x561.jpg 705w\" sizes=\"(max-width: 845px) 100vw, 845px\" \/><\/a><\/div><\/div><\/div><br \/>\n<div   class='hr hr-default   avia-builder-el-22  el_after_av_image  el_before_av_textblock  hr--left'><span class='hr-inner ' ><span class='hr-inner-style'><\/span><\/span><\/div><br \/>\n<section class=\"av_textblock_section \"  itemscope=\"itemscope\" itemtype=\"https:\/\/schema.org\/CreativeWork\" ><div class='avia_textblock  '   itemprop=\"text\" ><h4>Tenner<\/h4>\n<p>Aliquam sed dolor viverra, porta libero nec, feugiat nibh.<\/p>\n<p>Kr. Xxx pr. stk<\/p>\n<\/div><\/section><br \/>\n<div  style='height:30px' class='hr hr-invisible   avia-builder-el-24  el_after_av_textblock  el_before_av_button '><span class='hr-inner ' ><span class='hr-inner-style'><\/span><\/span><\/div><br \/>\n<div  class='avia-button-wrap avia-button-left  avia-builder-el-25  el_after_av_hr  avia-builder-el-last ' ><a href='https:\/\/haalogaland.com\/staging\/kontakt\/'  class='avia-button  avia-color-theme-color   avia-icon_select-yes-left-icon avia-size-medium avia-position-left '   ><span class='avia_button_icon avia_button_icon_left ' aria-hidden='true' data-av_icon='\ue832' data-av_iconfont='entypo-fontello'><\/span><span class='avia_iconbox_title' >Ta kontakt for pristilbud<\/span><\/a><\/div><\/p><\/div><div class=\"flex_column av_one_half  flex_column_div av-zero-column-padding   avia-builder-el-26  el_after_av_one_half  el_before_av_one_half  row--masonry__column column-top-margin\" style='border-radius:0px; '><p><div  class='avia-image-container  av-styling-    avia-builder-el-27  el_before_av_hr  avia-builder-el-first  avia-align-center '  itemprop=\"image\" itemscope=\"itemscope\" itemtype=\"https:\/\/schema.org\/ImageObject\"  ><div class='avia-image-container-inner'><div class='avia-image-overlay-wrap'><a href='https:\/\/haalogaland.com\/staging\/wp-content\/uploads\/2021\/03\/hi-midlertidig_bilde.jpg' class='avia_image'  ><img width=\"845\" height=\"673\" class='wp-image-334 avia-img-lazy-loading-not-334 avia_image' src=\"https:\/\/haalogaland.com\/staging\/wp-content\/uploads\/2021\/03\/hi-midlertidig_bilde.jpg\" alt='' title='Midlertidig bilde'  itemprop=\"thumbnailUrl\" srcset=\"https:\/\/haalogaland.com\/staging\/wp-content\/uploads\/2021\/03\/hi-midlertidig_bilde.jpg 845w, https:\/\/haalogaland.com\/staging\/wp-content\/uploads\/2021\/03\/hi-midlertidig_bilde-300x239.jpg 300w, https:\/\/haalogaland.com\/staging\/wp-content\/uploads\/2021\/03\/hi-midlertidig_bilde-768x612.jpg 768w, https:\/\/haalogaland.com\/staging\/wp-content\/uploads\/2021\/03\/hi-midlertidig_bilde-705x561.jpg 705w\" sizes=\"(max-width: 845px) 100vw, 845px\" \/><\/a><\/div><\/div><\/div><br \/>\n<div   class='hr hr-default   avia-builder-el-28  el_after_av_image  el_before_av_textblock  hr--left'><span class='hr-inner ' ><span class='hr-inner-style'><\/span><\/span><\/div><br \/>\n<section class=\"av_textblock_section \"  itemscope=\"itemscope\" itemtype=\"https:\/\/schema.org\/CreativeWork\" ><div class='avia_textblock  '   itemprop=\"text\" ><h4>Hj\u00f8rnesko<\/h4>\n<p>Aliquam sed dolor viverra, porta libero nec, feugiat nibh.<\/p>\n<p>Kr. Xxx pr. stk<\/p>\n<\/div><\/section><br \/>\n<div  style='height:30px' class='hr hr-invisible   avia-builder-el-30  el_after_av_textblock  el_before_av_button '><span class='hr-inner ' ><span class='hr-inner-style'><\/span><\/span><\/div><br \/>\n<div  class='avia-button-wrap avia-button-left  avia-builder-el-31  el_after_av_hr  avia-builder-el-last ' ><a href='https:\/\/haalogaland.com\/staging\/kontakt\/'  class='avia-button  avia-color-theme-color   avia-icon_select-yes-left-icon avia-size-medium avia-position-left '   ><span class='avia_button_icon avia_button_icon_left ' aria-hidden='true' data-av_icon='\ue832' data-av_iconfont='entypo-fontello'><\/span><span class='avia_iconbox_title' >Ta kontakt for pristilbud<\/span><\/a><\/div><\/p><\/div><div class=\"flex_column av_one_half  flex_column_div av-zero-column-padding first  avia-builder-el-32  el_after_av_one_half  el_before_av_one_half  row--masonry__column column-top-margin\" style='border-radius:0px; '><p><div  class='avia-image-container  av-styling-    avia-builder-el-33  el_before_av_hr  avia-builder-el-first  avia-align-center '  itemprop=\"image\" itemscope=\"itemscope\" itemtype=\"https:\/\/schema.org\/ImageObject\"  ><div class='avia-image-container-inner'><div class='avia-image-overlay-wrap'><a href='https:\/\/haalogaland.com\/staging\/wp-content\/uploads\/2021\/03\/hi-midlertidig_bilde.jpg' class='avia_image'  ><img width=\"845\" height=\"673\" class='wp-image-334 avia-img-lazy-loading-not-334 avia_image' src=\"https:\/\/haalogaland.com\/staging\/wp-content\/uploads\/2021\/03\/hi-midlertidig_bilde.jpg\" alt='' title='Midlertidig bilde'  itemprop=\"thumbnailUrl\" srcset=\"https:\/\/haalogaland.com\/staging\/wp-content\/uploads\/2021\/03\/hi-midlertidig_bilde.jpg 845w, https:\/\/haalogaland.com\/staging\/wp-content\/uploads\/2021\/03\/hi-midlertidig_bilde-300x239.jpg 300w, https:\/\/haalogaland.com\/staging\/wp-content\/uploads\/2021\/03\/hi-midlertidig_bilde-768x612.jpg 768w, https:\/\/haalogaland.com\/staging\/wp-content\/uploads\/2021\/03\/hi-midlertidig_bilde-705x561.jpg 705w\" sizes=\"(max-width: 845px) 100vw, 845px\" \/><\/a><\/div><\/div><\/div><br \/>\n<div   class='hr hr-default   avia-builder-el-34  el_after_av_image  el_before_av_textblock  hr--left'><span class='hr-inner ' ><span class='hr-inner-style'><\/span><\/span><\/div><br \/>\n<section class=\"av_textblock_section \"  itemscope=\"itemscope\" itemtype=\"https:\/\/schema.org\/CreativeWork\" ><div class='avia_textblock  '   itemprop=\"text\" ><h4>L\u00e5sepinner<\/h4>\n<p>Aliquam sed dolor viverra, porta libero nec, feugiat nibh.<\/p>\n<p>Kr. Xxx pr. stk<\/p>\n<\/div><\/section><br \/>\n<div  style='height:30px' class='hr hr-invisible   avia-builder-el-36  el_after_av_textblock  el_before_av_button '><span class='hr-inner ' ><span class='hr-inner-style'><\/span><\/span><\/div><br \/>\n<div  class='avia-button-wrap avia-button-left  avia-builder-el-37  el_after_av_hr  avia-builder-el-last ' ><a href='https:\/\/haalogaland.com\/staging\/kontakt\/'  class='avia-button  avia-color-theme-color   avia-icon_select-yes-left-icon avia-size-medium avia-position-left '   ><span class='avia_button_icon avia_button_icon_left ' aria-hidden='true' data-av_icon='\ue832' data-av_iconfont='entypo-fontello'><\/span><span class='avia_iconbox_title' >Ta kontakt for pristilbud<\/span><\/a><\/div><\/p><\/div><div class=\"flex_column av_one_half  flex_column_div av-zero-column-padding   avia-builder-el-38  el_after_av_one_half  avia-builder-el-last  row--masonry__column column-top-margin\" style='border-radius:0px; '><p><div  class='avia-image-container  av-styling-    avia-builder-el-39  el_before_av_hr  avia-builder-el-first  avia-align-center '  itemprop=\"image\" itemscope=\"itemscope\" itemtype=\"https:\/\/schema.org\/ImageObject\"  ><div class='avia-image-container-inner'><div class='avia-image-overlay-wrap'><a href='https:\/\/haalogaland.com\/staging\/wp-content\/uploads\/2021\/03\/hi-midlertidig_bilde.jpg' class='avia_image'  ><img width=\"845\" height=\"673\" class='wp-image-334 avia-img-lazy-loading-not-334 avia_image' src=\"https:\/\/haalogaland.com\/staging\/wp-content\/uploads\/2021\/03\/hi-midlertidig_bilde.jpg\" alt='' title='Midlertidig bilde'  itemprop=\"thumbnailUrl\" srcset=\"https:\/\/haalogaland.com\/staging\/wp-content\/uploads\/2021\/03\/hi-midlertidig_bilde.jpg 845w, https:\/\/haalogaland.com\/staging\/wp-content\/uploads\/2021\/03\/hi-midlertidig_bilde-300x239.jpg 300w, https:\/\/haalogaland.com\/staging\/wp-content\/uploads\/2021\/03\/hi-midlertidig_bilde-768x612.jpg 768w, https:\/\/haalogaland.com\/staging\/wp-content\/uploads\/2021\/03\/hi-midlertidig_bilde-705x561.jpg 705w\" sizes=\"(max-width: 845px) 100vw, 845px\" \/><\/a><\/div><\/div><\/div><br \/>\n<div   class='hr hr-default   avia-builder-el-40  el_after_av_image  el_before_av_textblock  hr--left'><span class='hr-inner ' ><span class='hr-inner-style'><\/span><\/span><\/div><br \/>\n<section class=\"av_textblock_section \"  itemscope=\"itemscope\" itemtype=\"https:\/\/schema.org\/CreativeWork\" ><div class='avia_textblock  '   itemprop=\"text\" ><h4>L\u00e5seringer for gravemaskinskuffer<\/h4>\n<p>Aliquam sed dolor viverra, porta libero nec, feugiat nibh.<\/p>\n<p>Kr. Xxx pr. stk<\/p>\n<\/div><\/section><br \/>\n<div  style='height:30px' class='hr hr-invisible   avia-builder-el-42  el_after_av_textblock  el_before_av_button '><span class='hr-inner ' ><span class='hr-inner-style'><\/span><\/span><\/div><br \/>\n<div  class='avia-button-wrap avia-button-left  avia-builder-el-43  el_after_av_hr  avia-builder-el-last ' ><a href='https:\/\/haalogaland.com\/staging\/kontakt\/'  class='avia-button  avia-color-theme-color   avia-icon_select-yes-left-icon avia-size-medium avia-position-left '   ><span class='avia_button_icon avia_button_icon_left ' aria-hidden='true' data-av_icon='\ue832' data-av_iconfont='entypo-fontello'><\/span><span class='avia_iconbox_title' >Ta kontakt for pristilbud<\/span><\/a><\/div><\/p><\/div>\n\n<\/div><\/div><\/div><!-- close content main div --><\/div><\/div><div id='av_section_4'  class='avia-section main_color avia-section-default avia-no-border-styling  avia-bg-style-scroll  avia-builder-el-44  el_after_av_section  avia-builder-el-last  invalid-custom-class-found row--c2a  container_wrap fullsize' style=' '  ><div class='container' ><div class='template-page content  av-content-full alpha units'><div class='post-entry post-entry-type-page post-entry-332'><div class='entry-content-wrapper clearfix'>\n<div class=\"flex_column av_one_full  flex_column_div av-zero-column-padding first  avia-builder-el-45  avia-builder-el-no-sibling  col--c2a \" style='border-radius:0px; '><section class=\"av_textblock_section \"  itemscope=\"itemscope\" itemtype=\"https:\/\/schema.org\/CreativeWork\" ><div class='avia_textblock txt--center '   itemprop=\"text\" ><h3>Ser du etter noe annet?<\/h3>\n<p>Se v\u00e5re produkter til utleie eller ta kontakt med oss!<\/p>\n<\/div><\/section><br \/>\n<div   class='hr hr-default   avia-builder-el-47  el_after_av_textblock  el_before_av_buttonrow '><span class='hr-inner ' ><span class='hr-inner-style'><\/span><\/span><\/div><br \/>\n<div  class='avia-buttonrow-wrap avia-buttonrow-center   avia-builder-el-48  el_after_av_hr  avia-builder-el-last '>\n<a href='https:\/\/haalogaland.com\/staging\/utleie\/'  class='avia-button  avia-color-theme-color-subtle  avia-icon_select-yes-left-icon avia-size-large '  style='margin-bottom:5px; margin-left:3px; margin-right:3px; ' ><span class='avia_button_icon avia_button_icon_left ' aria-hidden='true' data-av_icon='\ue832' data-av_iconfont='entypo-fontello'><\/span><span class='avia_iconbox_title' >Utleie<\/span><\/a>\n<a href='https:\/\/haalogaland.com\/staging\/kontakt\/'  class='avia-button  avia-color-theme-color  avia-icon_select-yes-left-icon avia-size-large '  style='margin-bottom:5px; margin-left:3px; margin-right:3px; ' ><span class='avia_button_icon avia_button_icon_left ' aria-hidden='true' data-av_icon='\ue832' data-av_iconfont='entypo-fontello'><\/span><span class='avia_iconbox_title' >Kontakt oss<\/span><\/a>\n<\/div><\/p><\/div>\n","protected":false},"excerpt":{"rendered":"","protected":false},"author":1,"featured_media":0,"parent":0,"menu_order":0,"comment_status":"closed","ping_status":"closed","template":"","meta":{"inline_featured_image":false},"_links":{"self":[{"href":"https:\/\/haalogaland.com\/staging\/wp-json\/wp\/v2\/pages\/332"}],"collection":[{"href":"https:\/\/haalogaland.com\/staging\/wp-json\/wp\/v2\/pages"}],"about":[{"href":"https:\/\/haalogaland.com\/staging\/wp-json\/wp\/v2\/types\/page"}],"author":[{"embeddable":true,"href":"https:\/\/haalogaland.com\/staging\/wp-json\/wp\/v2\/users\/1"}],"replies":[{"embeddable":true,"href":"https:\/\/haalogaland.com\/staging\/wp-json\/wp\/v2\/comments?post=332"}],"version-history":[{"count":3,"href":"https:\/\/haalogaland.com\/staging\/wp-json\/wp\/v2\/pages\/332\/revisions"}],"predecessor-version":[{"id":337,"href":"https:\/\/haalogaland.com\/staging\/wp-json\/wp\/v2\/pages\/332\/revisions\/337"}],"wp:attachment":[{"href":"https:\/\/haalogaland.com\/staging\/wp-json\/wp\/v2\/media?parent=332"}],"curies":[{"name":"wp","href":"https:\/\/api.w.org\/{rel}","templated":true}]}}