{"id":55,"date":"2020-12-01T14:50:29","date_gmt":"2020-12-01T14:50:29","guid":{"rendered":"https:\/\/haalogaland.com\/staging\/?page_id=55"},"modified":"2021-03-09T14:21:51","modified_gmt":"2021-03-09T14:21:51","slug":"om","status":"publish","type":"page","link":"https:\/\/haalogaland.com\/staging\/om\/","title":{"rendered":"Om oss"},"content":{"rendered":"<div id='av_section_1'  class='avia-section main_color avia-section-no-padding avia-no-border-styling  avia-bg-style-scroll  avia-builder-el-0  el_before_av_section  avia-builder-el-first  hero__container hero__container--page fullwidthsection  container_wrap fullsize' style=' '  ><div class='container' ><main  role=\"main\" itemprop=\"mainContentOfPage\"  class='template-page content  av-content-full alpha units'><div class='post-entry post-entry-type-page post-entry-55'><div class='entry-content-wrapper clearfix'>\n<div  class='avia-image-container  av-styling-no-styling    avia-builder-el-1  avia-builder-el-no-sibling  fullwidthsection__img fullwidthsection__img--desktop avia-align-center '  itemprop=\"image\" itemscope=\"itemscope\" itemtype=\"https:\/\/schema.org\/ImageObject\"  ><div class='avia-image-container-inner'><div class='avia-image-overlay-wrap'><img class='wp-image-310 avia-img-lazy-loading-not-310 avia_image' src=\"https:\/\/haalogaland.com\/staging\/wp-content\/uploads\/2021\/03\/haalogaland_industrier-hero_om-updated.jpg\" alt='' title='' height=\"600\" width=\"1900\"  itemprop=\"thumbnailUrl\" srcset=\"https:\/\/haalogaland.com\/staging\/wp-content\/uploads\/2021\/03\/haalogaland_industrier-hero_om-updated.jpg 1900w, https:\/\/haalogaland.com\/staging\/wp-content\/uploads\/2021\/03\/haalogaland_industrier-hero_om-updated-300x95.jpg 300w, https:\/\/haalogaland.com\/staging\/wp-content\/uploads\/2021\/03\/haalogaland_industrier-hero_om-updated-1030x325.jpg 1030w, https:\/\/haalogaland.com\/staging\/wp-content\/uploads\/2021\/03\/haalogaland_industrier-hero_om-updated-768x243.jpg 768w, https:\/\/haalogaland.com\/staging\/wp-content\/uploads\/2021\/03\/haalogaland_industrier-hero_om-updated-1536x485.jpg 1536w, https:\/\/haalogaland.com\/staging\/wp-content\/uploads\/2021\/03\/haalogaland_industrier-hero_om-updated-1500x474.jpg 1500w, https:\/\/haalogaland.com\/staging\/wp-content\/uploads\/2021\/03\/haalogaland_industrier-hero_om-updated-705x223.jpg 705w\" sizes=\"(max-width: 1900px) 100vw, 1900px\" \/><\/div><\/div><\/div>\n<\/div><\/div><\/main><!-- close content main element --><\/div><\/div><div id='av_section_2'  class='avia-section main_color avia-section-large avia-no-border-styling  avia-bg-style-scroll  avia-builder-el-2  el_after_av_section  avia-builder-el-last   container_wrap fullsize' style=' '  ><div class='container' ><div class='template-page content  av-content-full alpha units'><div class='post-entry post-entry-type-page post-entry-55'><div class='entry-content-wrapper clearfix'>\n<section class=\"av_textblock_section \"  itemscope=\"itemscope\" itemtype=\"https:\/\/schema.org\/CreativeWork\" ><div class='avia_textblock txt--center '   itemprop=\"text\" ><h2>Om oss<span class=\"color--primary\">.<\/span><\/h2>\n<\/div><\/section>\n<div   class='hr hr-default   avia-builder-el-4  el_after_av_textblock  el_before_av_textblock '><span class='hr-inner ' ><span class='hr-inner-style'><\/span><\/span><\/div>\n<section class=\"av_textblock_section \"  itemscope=\"itemscope\" itemtype=\"https:\/\/schema.org\/CreativeWork\" ><div class='avia_textblock txt--center '   itemprop=\"text\" ><p><strong>H\u00e5logaland Industrier AS<\/strong> er en moderne verkstedbedrift i Harstad. Vi har utstyr og maskiner b\u00e5de for de sm\u00e5 enkle og de store krevende oppgavene. Vi holder til i Mercurveien 53 i Harstad.<\/p>\n<p>Bygget v\u00e5rt er i overkant av 1800 m\u00b2, hvorav ca 500 m\u00b2 er kontorlokaler som er utleid, verksted med garderober etc opptar resten av plassen (1300 m\u00b2). Tomten er p\u00e5 14000 m\u00b2.<\/p>\n<p>Vi har sveiseavdeling, skj\u00e6resenter med b\u00e5de gass og plasma for plater opp til full st\u00f8rrelse (2,5 x 8 m) og bearbeidings-\/maskineringsavdeling, vi har ordreproduksjon og service- \/reparasjonsoppdrag innen et vidt spekter av b\u00e5de produkter og kundegrupper. I tillegg selger vi veist\u00e5l, skj\u00e6rst\u00e5l\/sliteribber og arbeidsredskaper med tilbeh\u00f8r, b\u00e5de egenprodusert og som forhandler.<\/p>\n<p>V\u00e5re kunder er industribedrifter, maskin-, anleggs- og byggentrepren\u00f8rer, skip og kystfl\u00e5te, forsvaret, prosessindustri, kommuner, annet n\u00e6ringsliv og offentlige etater, private med flere.<\/p>\n<p>Bedriften ble etablert i 2005, etter nedleggelsen av Kaarb\u00f8verkstedet, de ansatte har i hovedsak sin bakgrunn derfra, og har lang erfaring fra industriproduksjon og verksteddrift b\u00e5de i administrasjon og produksjon. Vi har siden oppstarten utf\u00f8rt over 5000 oppdrag\/prosjekter.<\/p>\n<p>V\u00e5r ambisjon er \u00e5 betjene v\u00e5re kunder, b\u00e5de store og sm\u00e5, p\u00e5 en effektiv og attraktiv m\u00e5te. Det skal v\u00e6re enkelt \u00e5 v\u00e6re kunder hos oss. Vi skal levere god kvalitet, og bruke v\u00e5re erfaringer og kompetanse til \u00e5 hjelpe v\u00e5re kunder \u00e5 komme frem til riktige og godt fungerende l\u00f8sninger.<\/p>\n<\/div><\/section>\n<\/p>\n","protected":false},"excerpt":{"rendered":"","protected":false},"author":1,"featured_media":0,"parent":0,"menu_order":0,"comment_status":"closed","ping_status":"closed","template":"","meta":{"inline_featured_image":false},"_links":{"self":[{"href":"https:\/\/haalogaland.com\/staging\/wp-json\/wp\/v2\/pages\/55"}],"collection":[{"href":"https:\/\/haalogaland.com\/staging\/wp-json\/wp\/v2\/pages"}],"about":[{"href":"https:\/\/haalogaland.com\/staging\/wp-json\/wp\/v2\/types\/page"}],"author":[{"embeddable":true,"href":"https:\/\/haalogaland.com\/staging\/wp-json\/wp\/v2\/users\/1"}],"replies":[{"embeddable":true,"href":"https:\/\/haalogaland.com\/staging\/wp-json\/wp\/v2\/comments?post=55"}],"version-history":[{"count":18,"href":"https:\/\/haalogaland.com\/staging\/wp-json\/wp\/v2\/pages\/55\/revisions"}],"predecessor-version":[{"id":311,"href":"https:\/\/haalogaland.com\/staging\/wp-json\/wp\/v2\/pages\/55\/revisions\/311"}],"wp:attachment":[{"href":"https:\/\/haalogaland.com\/staging\/wp-json\/wp\/v2\/media?parent=55"}],"curies":[{"name":"wp","href":"https:\/\/api.w.org\/{rel}","templated":true}]}}