{"id":63,"date":"2020-12-01T14:51:32","date_gmt":"2020-12-01T14:51:32","guid":{"rendered":"https:\/\/haalogaland.com\/staging\/?page_id=63"},"modified":"2021-02-09T11:26:19","modified_gmt":"2021-02-09T11:26:19","slug":"kontakt","status":"publish","type":"page","link":"https:\/\/haalogaland.com\/staging\/kontakt\/","title":{"rendered":"Kontakt"},"content":{"rendered":"<div id='av_section_1'  class='avia-section main_color avia-section-no-padding avia-no-border-styling  avia-full-stretch avia-bg-style-scroll  avia-builder-el-0  el_before_av_section  avia-builder-el-first  hero__container hero__container--page fullwidthsection  container_wrap fullsize' style='background-repeat: no-repeat; background-image: url(https:\/\/haalogaland.com\/staging\/wp-content\/uploads\/2020\/12\/hi-gmap-1.jpg);background-attachment: scroll; background-position: center center;  '  data-section-bg-repeat='stretch'><div class='container' ><main  role=\"main\" itemprop=\"mainContentOfPage\"  class='template-page content  av-content-full alpha units'><div class='post-entry post-entry-type-page post-entry-63'><div class='entry-content-wrapper clearfix'>\n<div  class='avia-builder-widget-area clearfix  avia-builder-el-1  avia-builder-el-no-sibling '><div id=\"custom_html-2\" class=\"widget_text widget clearfix widget_custom_html\"><div class=\"textwidget custom-html-widget\"><div class=\"mapouter\"><div class=\"gmap_canvas\"><iframe width=\"100%\" height=\"100%\" id=\"gmap_canvas\" src=\"https:\/\/maps.google.com\/maps?q=H%C3%A5logaland%20Industrier%20AS&t=&z=13&ie=UTF8&iwloc=&output=embed\" frameborder=\"0\" scrolling=\"no\" marginheight=\"0\" marginwidth=\"0\"><\/iframe><a href=\"https:\/\/embedgooglemap.net\/131\/\"><\/a><\/div><style>.mapouter{position:relative;text-align:right;height:100%;width:100%;}.gmap_canvas {overflow:hidden;background:none!important;height:100%;width:100%;}<\/style><\/div><\/div><\/div><\/div>\n\n<\/div><\/div><\/main><!-- close content main element --><\/div><\/div><div id='av_section_2'  class='avia-section main_color avia-section-large avia-no-border-styling  avia-bg-style-scroll  avia-builder-el-2  el_after_av_section  avia-builder-el-last   container_wrap fullsize' style=' '  ><div class='container' ><div class='template-page content  av-content-full alpha units'><div class='post-entry post-entry-type-page post-entry-63'><div class='entry-content-wrapper clearfix'>\n<section class=\"av_textblock_section \"  itemscope=\"itemscope\" itemtype=\"https:\/\/schema.org\/CreativeWork\" ><div class='avia_textblock  '   itemprop=\"text\" ><h2 style=\"margin-top: 0;\">Kontakt<span class=\"color--primary\">.<\/span><\/h2>\n<\/div><\/section>\n<div  style='height:1px; margin-top:0px'  class='hr hr-invisible   avia-builder-el-4  el_after_av_textblock  el_before_av_one_half '><span class='hr-inner ' ><span class='hr-inner-style'><\/span><\/span><\/div>\n<div class=\"flex_column av_one_half  flex_column_div av-zero-column-padding first  avia-builder-el-5  el_after_av_hr  el_before_av_one_half  \" style='border-radius:0px; '><section class=\"av_textblock_section \"  itemscope=\"itemscope\" itemtype=\"https:\/\/schema.org\/CreativeWork\" ><div class='avia_textblock  '   itemprop=\"text\" ><p>Ved henvendelser om regnskap\/finans\/faktura, personal, HMS, innkj\u00f8p, organisasjon og \u00f8vrige administrative henvendelser og sp\u00f8rsm\u00e5l.<\/p>\n<p><strong>Dagfinn Kristiansen<\/strong><br \/>\nDaglig leder<\/p>\n<p>Telefon: <a href=\"tel:77065850\">770 65 850<\/a> &#8211; <a href=\"tel:95208094\">952 08 094<\/a><br \/>\nE-post: <a href=\"mailto:dagfinn@haalogaland.com\">dagfinn@haalogaland.com<\/a><\/p>\n<\/div><\/section><\/div><div class=\"flex_column av_one_half  flex_column_div av-zero-column-padding   avia-builder-el-7  el_after_av_one_half  el_before_av_one_half  \" style='border-radius:0px; '><section class=\"av_textblock_section \"  itemscope=\"itemscope\" itemtype=\"https:\/\/schema.org\/CreativeWork\" ><div class='avia_textblock  '   itemprop=\"text\" ><p>Ved henvendelse om prosjekter, produksjon, anbud, tegningsarbeider, og \u00f8vrige henvendelser og sp\u00f8rsm\u00e5l vedr\u00f8rende produksjon og ordrer.<\/p>\n<p><strong>Helge Ellefsen<\/strong><br \/>\nProduksjonsleder<\/p>\n<p>Telefon: <a href=\"tel:91850862\">918 50 862<\/a><br \/>\nE-post: <a href=\"mailto:helge@haalogaland.com\">helge@haalogaland.com<\/a><\/p>\n<\/div><\/section><\/div><div class=\"flex_column av_one_half  flex_column_div av-zero-column-padding first  avia-builder-el-9  el_after_av_one_half  el_before_av_one_half  column-top-margin\" style='border-radius:0px; '><form action=\"https:\/\/haalogaland.com\/staging\/kontakt\/\" method=\"post\"  class=\"avia_ajax_form av-form-labels-visible   avia-builder-el-10  avia-builder-el-no-sibling   \" data-avia-form-id=\"1\" data-avia-redirect='' ><fieldset><p class='  first_form  form_element form_fullwidth' id='element_avia_1_1'><label for=\"avia_1_1\">Ditt navn <abbr class=\"required\" title=\"required\">*<\/abbr><\/label> <input name=\"avia_1_1\" class=\"text_input is_empty\" type=\"text\" id=\"avia_1_1\" value=\"\" \/><\/p><p class='  first_form  form_element form_fullwidth' id='element_avia_2_1'><label for=\"avia_2_1\">Din e-post <abbr class=\"required\" title=\"required\">*<\/abbr><\/label> <input name=\"avia_2_1\" class=\"text_input is_email\" type=\"text\" id=\"avia_2_1\" value=\"\" \/><\/p><p class='  first_form  form_element form_fullwidth' id='element_avia_3_1'><label for=\"avia_3_1\" class=\"textare_label hidden textare_label_avia_3_1\">Din melding <abbr class=\"required\" title=\"required\">*<\/abbr><\/label><textarea  name=\"avia_3_1\" class=\"text_area is_empty\" cols=\"40\" rows=\"7\" id=\"avia_3_1\" ><\/textarea><\/p><p class=\"hidden\"><input type=\"text\" name=\"avia_4_1\" class=\"hidden \" id=\"avia_4_1\" value=\"\" \/><\/p><div id='avia_5_1' class='av-recaptcha-area  first_form  form_element form_fullwidth '  data-container_class=\"\" data-custom_class=\"\" data-context=\"av_contact_form\" data-token_input=\"av_recaptcha_token\" data-version=\"avia_recaptcha_v3\" data-theme=\"light\" data-size=\"normal\" data-score=\"0.5\" data-text_to_preview=\"\" data-value=\"\"><div class=\"av-google-badge-message hidden\">This site is protected by reCAPTCHA and the Google <a href=\"https:\/\/policies.google.com\/privacy\">Privacy Policy<\/a> and <a href=\"https:\/\/policies.google.com\/terms\">Terms of Service<\/a> apply.<\/div><\/div><p class=\"form_element \"><input type=\"hidden\" value=\"1\" name=\"avia_generated_form1\" \/><input type=\"submit\" value=\"Send\" class=\"button\"  data-sending-label=\"Sending\"\/><\/p><\/fieldset><div class=\"avia-disabled-form\">This contact form is deactivated because you refused to accept Google reCaptcha service which is necessary to validate any messages sent by the form.<\/div><\/form><div id=\"ajaxresponse_1\" class=\"ajaxresponse ajaxresponse_1 hidden\"><\/div><\/div><div class=\"flex_column av_one_half  flex_column_div av-zero-column-padding   avia-builder-el-11  el_after_av_one_half  avia-builder-el-last  column-top-margin\" style='border-radius:0px; '><section class=\"av_textblock_section \"  itemscope=\"itemscope\" itemtype=\"https:\/\/schema.org\/CreativeWork\" ><div class='avia_textblock  '   itemprop=\"text\" ><p><strong>Post:<\/strong> Postboks 3137, 9498 Harstad<\/p>\n<p><strong>Bes\u00f8k:<\/strong> <a href=\"https:\/\/www.google.com\/maps\/dir\/Current+Location\/Mercurveien+53,+9408+Harstad\">Mercurveien 53, 9408 Harstad<\/a><\/p>\n<p>Org.nr. 988 400 572 MVA<\/p>\n<\/div><\/section><\/div>\n","protected":false},"excerpt":{"rendered":"","protected":false},"author":1,"featured_media":0,"parent":0,"menu_order":0,"comment_status":"closed","ping_status":"closed","template":"","meta":{"inline_featured_image":false},"_links":{"self":[{"href":"https:\/\/haalogaland.com\/staging\/wp-json\/wp\/v2\/pages\/63"}],"collection":[{"href":"https:\/\/haalogaland.com\/staging\/wp-json\/wp\/v2\/pages"}],"about":[{"href":"https:\/\/haalogaland.com\/staging\/wp-json\/wp\/v2\/types\/page"}],"author":[{"embeddable":true,"href":"https:\/\/haalogaland.com\/staging\/wp-json\/wp\/v2\/users\/1"}],"replies":[{"embeddable":true,"href":"https:\/\/haalogaland.com\/staging\/wp-json\/wp\/v2\/comments?post=63"}],"version-history":[{"count":11,"href":"https:\/\/haalogaland.com\/staging\/wp-json\/wp\/v2\/pages\/63\/revisions"}],"predecessor-version":[{"id":299,"href":"https:\/\/haalogaland.com\/staging\/wp-json\/wp\/v2\/pages\/63\/revisions\/299"}],"wp:attachment":[{"href":"https:\/\/haalogaland.com\/staging\/wp-json\/wp\/v2\/media?parent=63"}],"curies":[{"name":"wp","href":"https:\/\/api.w.org\/{rel}","templated":true}]}}